{"id":229,"date":"2018-12-18T08:38:00","date_gmt":"2018-12-18T07:38:00","guid":{"rendered":"https:\/\/novy.sos-souhtyn.cz\/novy\/?page_id=229"},"modified":"2026-01-10T09:19:35","modified_gmt":"2026-01-10T08:19:35","slug":"provozni-doba","status":"publish","type":"page","link":"https:\/\/novy.sos-souhtyn.cz\/novy\/?page_id=229","title":{"rendered":"RESTAURACE"},"content":{"rendered":"<p><!----------------------------------------- \n<center><span style=\"color: #800000;\">\nV\u00e1\u017een\u00ed z\u00e1kazn\u00edci, dnes je Penzion otev\u0159en pouze do 13:00.\nD\u011bkujeme za pochopen\u00ed.\nFranti\u0161ek \u017deha, vedouc\u00ed penzionu<\/span><\/center>\n -------------------------------------------><\/p>\n<p style=\"text-align: center;\"><a role=\"button\" href=\"https:\/\/novy.sos-souhtyn.cz\/novy\/?page_id=227\"><br \/>\nAktu\u00e1ln\u00ed j\u00eddeln\u00ed l\u00edstek<br \/>\n<\/a><\/p>\n<p><center><strong style=\"color: #1c1c1c; font-family: Oswald, sans-serif; font-size: 18px;\">Otev\u00edrac\u00ed doba<\/strong><\/center><\/p>\n<table style=\"height: 150px;\" width=\"731\" align=\"center\">\n<tbody>\n<tr align=\"center\">\n<td><strong>POND\u011aL\u00cd<\/strong><\/td>\n<td><strong>10:00 &#8211; 15:00<\/strong><\/td>\n<\/tr>\n<tr align=\"center\">\n<td><strong>\u00daTER\u00dd<\/strong><\/td>\n<td><strong>10:00 &#8211; 15:00<\/strong><\/td>\n<\/tr>\n<tr align=\"center\">\n<td><strong>ST\u0158EDA<\/strong><\/td>\n<td><strong>10:00 &#8211; 15:00<\/strong><\/td>\n<\/tr>\n<tr align=\"center\">\n<td><strong>\u010cTVRTEK<\/strong><\/td>\n<td><strong>10:00 &#8211; 15:00<\/strong><\/td>\n<\/tr>\n<tr align=\"center\">\n<td><strong>P\u00c1TEK<\/strong><\/td>\n<td><strong>10:00 &#8211; 15:00<\/strong><\/td>\n<\/tr>\n<tr align=\"center\">\n<td><strong>SOBOTA<\/strong><\/td>\n<td><strong>POUZE PRO OBJEDNAN\u00c9 AKCE<\/strong><\/td>\n<\/tr>\n<tr align=\"center\">\n<td><strong>NED\u011aLE<\/strong><\/td>\n<td><strong>ZAV\u0158ENO<\/strong><\/td>\n<\/tr>\n<\/tbody>\n<\/table>\n<p><b>\u00a0<\/b><\/p>\n<p><span style=\"color: #800000;\"><b>Ob\u011bdy pod\u00e1v\u00e1me v dob\u011b od 11.00 do 13.00 hod.<\/b><\/span><\/p>\n<h4><b>Kapacita restaurace:<\/b>\u00a060 m\u00edst<\/h4>\n<p><!---- -----------------------------\n\n\n<h3 style=\"text-align: center;\"><span style=\"color: #808000;\"><strong><em>\n\nV 6. t\u00fddnu od 5. \u00fanora do 9. \u00fanora jsou jarn\u00ed pr\u00e1zdniny, v penzionu je zav\u0159eno.\nV provozu budeme op\u011bt od 12.2.24\n\nD\u011bkujeme za pochopen\u00ed, s pozdravem F. \u017deha, vedouc\u00ed penzionu\n\n<\/em><\/strong><\/span><\/h3>\n\n\n------------------------------------><\/p>\n\n","protected":false},"excerpt":{"rendered":"<p><a class=\"read-more\" href=\"https:\/\/novy.sos-souhtyn.cz\/novy\/?page_id=229\"><\/a><\/p>\n","protected":false},"author":2,"featured_media":0,"parent":0,"menu_order":0,"comment_status":"closed","ping_status":"closed","template":"","meta":[],"_links":{"self":[{"href":"https:\/\/novy.sos-souhtyn.cz\/novy\/index.php?rest_route=\/wp\/v2\/pages\/229"}],"collection":[{"href":"https:\/\/novy.sos-souhtyn.cz\/novy\/index.php?rest_route=\/wp\/v2\/pages"}],"about":[{"href":"https:\/\/novy.sos-souhtyn.cz\/novy\/index.php?rest_route=\/wp\/v2\/types\/page"}],"author":[{"embeddable":true,"href":"https:\/\/novy.sos-souhtyn.cz\/novy\/index.php?rest_route=\/wp\/v2\/users\/2"}],"replies":[{"embeddable":true,"href":"https:\/\/novy.sos-souhtyn.cz\/novy\/index.php?rest_route=%2Fwp%2Fv2%2Fcomments&post=229"}],"version-history":[{"count":74,"href":"https:\/\/novy.sos-souhtyn.cz\/novy\/index.php?rest_route=\/wp\/v2\/pages\/229\/revisions"}],"predecessor-version":[{"id":2071,"href":"https:\/\/novy.sos-souhtyn.cz\/novy\/index.php?rest_route=\/wp\/v2\/pages\/229\/revisions\/2071"}],"wp:attachment":[{"href":"https:\/\/novy.sos-souhtyn.cz\/novy\/index.php?rest_route=%2Fwp%2Fv2%2Fmedia&parent=229"}],"curies":[{"name":"wp","href":"https:\/\/api.w.org\/{rel}","templated":true}]}}