{"id":231,"date":"2018-12-18T08:38:16","date_gmt":"2018-12-18T07:38:16","guid":{"rendered":"https:\/\/novy.sos-souhtyn.cz\/novy\/?page_id=231"},"modified":"2023-02-09T08:34:01","modified_gmt":"2023-02-09T07:34:01","slug":"ubytovani","status":"publish","type":"page","link":"https:\/\/novy.sos-souhtyn.cz\/novy\/?page_id=231","title":{"rendered":"UBYTOV\u00c1N\u00cd"},"content":{"rendered":"<h3>Ubytov\u00e1n\u00ed je mo\u017en\u00e9 v 8 pokoj\u00edch s vlastn\u00edm soci\u00e1ln\u00edm za\u0159\u00edzen\u00edm s celkovou kapacitou 18 l\u016f\u017eek.<\/h3>\n<h3>Pokoje poskytujeme dvou a t\u0159\u00ed l\u016f\u017ekov\u00e9.<\/h3>\n<p>&nbsp;<\/p>\n<h4>Cen\u00edk ubytov\u00e1n\u00ed v penzionu<\/h4>\n<table style=\"width: 300px;\">\n<tbody>\n<tr>\n<th style=\"width: 100px;\">Pokoj<\/th>\n<th style=\"width: 100px;\">Obsazenost<\/th>\n<th style=\"width: 100px;\">K\u010d za 1 noc<\/th>\n<\/tr>\n<tr>\n<td>2 l\u016f\u017ekov\u00fd<\/td>\n<td>1 osoba<\/td>\n<td>500<\/td>\n<\/tr>\n<tr>\n<td>2 l\u016f\u017ekov\u00fd<\/td>\n<td>2 osoby<\/td>\n<td>900<\/td>\n<\/tr>\n<tr>\n<td>3 l\u016f\u017ekov\u00fd<\/td>\n<td>1 osoba<\/td>\n<td>500<\/td>\n<\/tr>\n<tr>\n<td>3 l\u016f\u017ekov\u00fd<\/td>\n<td>2 osoby<\/td>\n<td>900<\/td>\n<\/tr>\n<tr>\n<td>3 l\u016f\u017ekov\u00fd<\/td>\n<td>3 osoby<\/td>\n<td>1200<\/td>\n<\/tr>\n<\/tbody>\n<\/table>\n<p>Skupina v\u00edce ne\u017e 10 osob: 5% sleva.<br \/>\nD\u00edt\u011b do 10 let: 200 K\u010d\/noc.<\/p>\n<hr \/>\n<h4><strong>TROJL\u016e\u017dKOV\u00c9 POKOJE<br \/>\n<\/strong>Pokoj \u010d. 3, 4 &#8211; WC, vana, televize<\/h4>\n<h5><img loading=\"lazy\" class=\"alignnone size-medium wp-image-543\" src=\"https:\/\/novy.sos-souhtyn.cz\/novy\/wp-content\/uploads\/2018\/12\/ubytovani_21-300x225.jpg\" alt=\"\" width=\"300\" height=\"225\" srcset=\"https:\/\/novy.sos-souhtyn.cz\/novy\/wp-content\/uploads\/2018\/12\/ubytovani_21-300x225.jpg 300w, https:\/\/novy.sos-souhtyn.cz\/novy\/wp-content\/uploads\/2018\/12\/ubytovani_21-768x576.jpg 768w, https:\/\/novy.sos-souhtyn.cz\/novy\/wp-content\/uploads\/2018\/12\/ubytovani_21.jpg 1024w\" sizes=\"(max-width: 300px) 100vw, 300px\" \/> <img loading=\"lazy\" class=\"alignnone size-medium wp-image-542\" src=\"https:\/\/novy.sos-souhtyn.cz\/novy\/wp-content\/uploads\/2018\/12\/ubytovani_20-300x225.jpg\" alt=\"\" width=\"300\" height=\"225\" srcset=\"https:\/\/novy.sos-souhtyn.cz\/novy\/wp-content\/uploads\/2018\/12\/ubytovani_20-300x225.jpg 300w, https:\/\/novy.sos-souhtyn.cz\/novy\/wp-content\/uploads\/2018\/12\/ubytovani_20-768x576.jpg 768w, https:\/\/novy.sos-souhtyn.cz\/novy\/wp-content\/uploads\/2018\/12\/ubytovani_20.jpg 1024w\" sizes=\"(max-width: 300px) 100vw, 300px\" \/> <img loading=\"lazy\" class=\"alignnone size-medium wp-image-541\" src=\"https:\/\/novy.sos-souhtyn.cz\/novy\/wp-content\/uploads\/2018\/12\/ubytovani_19-300x225.jpg\" alt=\"\" width=\"300\" height=\"225\" srcset=\"https:\/\/novy.sos-souhtyn.cz\/novy\/wp-content\/uploads\/2018\/12\/ubytovani_19-300x225.jpg 300w, https:\/\/novy.sos-souhtyn.cz\/novy\/wp-content\/uploads\/2018\/12\/ubytovani_19-768x576.jpg 768w, https:\/\/novy.sos-souhtyn.cz\/novy\/wp-content\/uploads\/2018\/12\/ubytovani_19.jpg 1024w\" sizes=\"(max-width: 300px) 100vw, 300px\" \/> <img loading=\"lazy\" class=\"alignnone size-medium wp-image-540\" src=\"https:\/\/novy.sos-souhtyn.cz\/novy\/wp-content\/uploads\/2018\/12\/ubytovani_18-300x225.jpg\" alt=\"\" width=\"300\" height=\"225\" srcset=\"https:\/\/novy.sos-souhtyn.cz\/novy\/wp-content\/uploads\/2018\/12\/ubytovani_18-300x225.jpg 300w, https:\/\/novy.sos-souhtyn.cz\/novy\/wp-content\/uploads\/2018\/12\/ubytovani_18-768x576.jpg 768w, https:\/\/novy.sos-souhtyn.cz\/novy\/wp-content\/uploads\/2018\/12\/ubytovani_18.jpg 1024w\" sizes=\"(max-width: 300px) 100vw, 300px\" \/> <img loading=\"lazy\" class=\"alignnone size-medium wp-image-539\" src=\"https:\/\/novy.sos-souhtyn.cz\/novy\/wp-content\/uploads\/2018\/12\/ubytovani_17-300x225.jpg\" alt=\"\" width=\"300\" height=\"225\" srcset=\"https:\/\/novy.sos-souhtyn.cz\/novy\/wp-content\/uploads\/2018\/12\/ubytovani_17-300x225.jpg 300w, https:\/\/novy.sos-souhtyn.cz\/novy\/wp-content\/uploads\/2018\/12\/ubytovani_17-768x576.jpg 768w, https:\/\/novy.sos-souhtyn.cz\/novy\/wp-content\/uploads\/2018\/12\/ubytovani_17.jpg 1024w\" sizes=\"(max-width: 300px) 100vw, 300px\" \/> <img loading=\"lazy\" class=\"alignnone size-medium wp-image-538\" src=\"https:\/\/novy.sos-souhtyn.cz\/novy\/wp-content\/uploads\/2018\/12\/ubytovani_16-300x225.jpg\" alt=\"\" width=\"300\" height=\"225\" srcset=\"https:\/\/novy.sos-souhtyn.cz\/novy\/wp-content\/uploads\/2018\/12\/ubytovani_16-300x225.jpg 300w, https:\/\/novy.sos-souhtyn.cz\/novy\/wp-content\/uploads\/2018\/12\/ubytovani_16-768x576.jpg 768w, https:\/\/novy.sos-souhtyn.cz\/novy\/wp-content\/uploads\/2018\/12\/ubytovani_16.jpg 1024w\" sizes=\"(max-width: 300px) 100vw, 300px\" \/> <img loading=\"lazy\" class=\"alignnone size-medium wp-image-537\" src=\"https:\/\/novy.sos-souhtyn.cz\/novy\/wp-content\/uploads\/2018\/12\/ubytovani_15-300x225.jpg\" alt=\"\" width=\"300\" height=\"225\" srcset=\"https:\/\/novy.sos-souhtyn.cz\/novy\/wp-content\/uploads\/2018\/12\/ubytovani_15-300x225.jpg 300w, https:\/\/novy.sos-souhtyn.cz\/novy\/wp-content\/uploads\/2018\/12\/ubytovani_15-768x576.jpg 768w, https:\/\/novy.sos-souhtyn.cz\/novy\/wp-content\/uploads\/2018\/12\/ubytovani_15.jpg 1024w\" sizes=\"(max-width: 300px) 100vw, 300px\" \/> <img loading=\"lazy\" class=\"alignnone size-medium wp-image-536\" src=\"https:\/\/novy.sos-souhtyn.cz\/novy\/wp-content\/uploads\/2018\/12\/ubytovani_14-300x225.jpg\" alt=\"\" width=\"300\" height=\"225\" srcset=\"https:\/\/novy.sos-souhtyn.cz\/novy\/wp-content\/uploads\/2018\/12\/ubytovani_14-300x225.jpg 300w, https:\/\/novy.sos-souhtyn.cz\/novy\/wp-content\/uploads\/2018\/12\/ubytovani_14-768x576.jpg 768w, https:\/\/novy.sos-souhtyn.cz\/novy\/wp-content\/uploads\/2018\/12\/ubytovani_14.jpg 1024w\" sizes=\"(max-width: 300px) 100vw, 300px\" \/> <img loading=\"lazy\" class=\"alignnone size-medium wp-image-535\" src=\"https:\/\/novy.sos-souhtyn.cz\/novy\/wp-content\/uploads\/2018\/12\/ubytovani_13-300x225.jpg\" alt=\"\" width=\"300\" height=\"225\" srcset=\"https:\/\/novy.sos-souhtyn.cz\/novy\/wp-content\/uploads\/2018\/12\/ubytovani_13-300x225.jpg 300w, https:\/\/novy.sos-souhtyn.cz\/novy\/wp-content\/uploads\/2018\/12\/ubytovani_13-768x576.jpg 768w, https:\/\/novy.sos-souhtyn.cz\/novy\/wp-content\/uploads\/2018\/12\/ubytovani_13.jpg 1024w\" sizes=\"(max-width: 300px) 100vw, 300px\" \/> <img loading=\"lazy\" class=\"alignnone size-medium wp-image-534\" src=\"https:\/\/novy.sos-souhtyn.cz\/novy\/wp-content\/uploads\/2018\/12\/ubytovani_12-300x225.jpg\" alt=\"\" width=\"300\" height=\"225\" srcset=\"https:\/\/novy.sos-souhtyn.cz\/novy\/wp-content\/uploads\/2018\/12\/ubytovani_12-300x225.jpg 300w, https:\/\/novy.sos-souhtyn.cz\/novy\/wp-content\/uploads\/2018\/12\/ubytovani_12-768x576.jpg 768w, https:\/\/novy.sos-souhtyn.cz\/novy\/wp-content\/uploads\/2018\/12\/ubytovani_12.jpg 1024w\" sizes=\"(max-width: 300px) 100vw, 300px\" \/> <img loading=\"lazy\" class=\"alignnone size-medium wp-image-533\" src=\"https:\/\/novy.sos-souhtyn.cz\/novy\/wp-content\/uploads\/2018\/12\/ubytovani_11-300x225.jpg\" alt=\"\" width=\"300\" height=\"225\" srcset=\"https:\/\/novy.sos-souhtyn.cz\/novy\/wp-content\/uploads\/2018\/12\/ubytovani_11-300x225.jpg 300w, https:\/\/novy.sos-souhtyn.cz\/novy\/wp-content\/uploads\/2018\/12\/ubytovani_11-768x576.jpg 768w, https:\/\/novy.sos-souhtyn.cz\/novy\/wp-content\/uploads\/2018\/12\/ubytovani_11.jpg 1024w\" sizes=\"(max-width: 300px) 100vw, 300px\" \/> <img loading=\"lazy\" class=\"alignnone size-medium wp-image-532\" src=\"https:\/\/novy.sos-souhtyn.cz\/novy\/wp-content\/uploads\/2018\/12\/ubytovani_10-300x225.jpg\" alt=\"\" width=\"300\" height=\"225\" srcset=\"https:\/\/novy.sos-souhtyn.cz\/novy\/wp-content\/uploads\/2018\/12\/ubytovani_10-300x225.jpg 300w, https:\/\/novy.sos-souhtyn.cz\/novy\/wp-content\/uploads\/2018\/12\/ubytovani_10-768x576.jpg 768w, https:\/\/novy.sos-souhtyn.cz\/novy\/wp-content\/uploads\/2018\/12\/ubytovani_10.jpg 1024w\" sizes=\"(max-width: 300px) 100vw, 300px\" \/><\/h5>\n<hr \/>\n<h4><strong>DVOJL\u016e\u017dKOV\u00c9 POKOJE<br \/>\n<\/strong><strong><b>Pokoj \u010d. 1, 2, 5, 6, 7, 8 &#8211;\u00a0<\/b>WC, sprcha, televize<\/strong><\/h4>\n<h5><img loading=\"lazy\" class=\"alignnone size-medium wp-image-531\" src=\"https:\/\/novy.sos-souhtyn.cz\/novy\/wp-content\/uploads\/2018\/12\/ubytovani_09-300x225.jpg\" alt=\"\" width=\"300\" height=\"225\" srcset=\"https:\/\/novy.sos-souhtyn.cz\/novy\/wp-content\/uploads\/2018\/12\/ubytovani_09-300x225.jpg 300w, https:\/\/novy.sos-souhtyn.cz\/novy\/wp-content\/uploads\/2018\/12\/ubytovani_09-768x576.jpg 768w, https:\/\/novy.sos-souhtyn.cz\/novy\/wp-content\/uploads\/2018\/12\/ubytovani_09.jpg 1024w\" sizes=\"(max-width: 300px) 100vw, 300px\" \/> <img loading=\"lazy\" class=\"alignnone size-medium wp-image-530\" src=\"https:\/\/novy.sos-souhtyn.cz\/novy\/wp-content\/uploads\/2018\/12\/ubytovani_08-300x225.jpg\" alt=\"\" width=\"300\" height=\"225\" srcset=\"https:\/\/novy.sos-souhtyn.cz\/novy\/wp-content\/uploads\/2018\/12\/ubytovani_08-300x225.jpg 300w, https:\/\/novy.sos-souhtyn.cz\/novy\/wp-content\/uploads\/2018\/12\/ubytovani_08-768x576.jpg 768w, https:\/\/novy.sos-souhtyn.cz\/novy\/wp-content\/uploads\/2018\/12\/ubytovani_08.jpg 1024w\" sizes=\"(max-width: 300px) 100vw, 300px\" \/> <img loading=\"lazy\" class=\"alignnone size-medium wp-image-529\" src=\"https:\/\/novy.sos-souhtyn.cz\/novy\/wp-content\/uploads\/2018\/12\/ubytovani_07-300x225.jpg\" alt=\"\" width=\"300\" height=\"225\" srcset=\"https:\/\/novy.sos-souhtyn.cz\/novy\/wp-content\/uploads\/2018\/12\/ubytovani_07-300x225.jpg 300w, https:\/\/novy.sos-souhtyn.cz\/novy\/wp-content\/uploads\/2018\/12\/ubytovani_07-768x576.jpg 768w, https:\/\/novy.sos-souhtyn.cz\/novy\/wp-content\/uploads\/2018\/12\/ubytovani_07.jpg 1024w\" sizes=\"(max-width: 300px) 100vw, 300px\" \/> <img loading=\"lazy\" class=\"alignnone size-medium wp-image-528\" src=\"https:\/\/novy.sos-souhtyn.cz\/novy\/wp-content\/uploads\/2018\/12\/ubytovani_06-300x225.jpg\" alt=\"\" width=\"300\" height=\"225\" srcset=\"https:\/\/novy.sos-souhtyn.cz\/novy\/wp-content\/uploads\/2018\/12\/ubytovani_06-300x225.jpg 300w, https:\/\/novy.sos-souhtyn.cz\/novy\/wp-content\/uploads\/2018\/12\/ubytovani_06-768x576.jpg 768w, https:\/\/novy.sos-souhtyn.cz\/novy\/wp-content\/uploads\/2018\/12\/ubytovani_06.jpg 1024w\" sizes=\"(max-width: 300px) 100vw, 300px\" \/> <img loading=\"lazy\" class=\"alignnone size-medium wp-image-527\" src=\"https:\/\/novy.sos-souhtyn.cz\/novy\/wp-content\/uploads\/2018\/12\/ubytovani_05-300x225.jpg\" alt=\"\" width=\"300\" height=\"225\" srcset=\"https:\/\/novy.sos-souhtyn.cz\/novy\/wp-content\/uploads\/2018\/12\/ubytovani_05-300x225.jpg 300w, https:\/\/novy.sos-souhtyn.cz\/novy\/wp-content\/uploads\/2018\/12\/ubytovani_05-768x576.jpg 768w, https:\/\/novy.sos-souhtyn.cz\/novy\/wp-content\/uploads\/2018\/12\/ubytovani_05.jpg 1024w\" sizes=\"(max-width: 300px) 100vw, 300px\" \/> <img loading=\"lazy\" class=\"alignnone size-medium wp-image-526\" src=\"https:\/\/novy.sos-souhtyn.cz\/novy\/wp-content\/uploads\/2018\/12\/ubytovani_04-300x225.jpg\" alt=\"\" width=\"300\" height=\"225\" srcset=\"https:\/\/novy.sos-souhtyn.cz\/novy\/wp-content\/uploads\/2018\/12\/ubytovani_04-300x225.jpg 300w, https:\/\/novy.sos-souhtyn.cz\/novy\/wp-content\/uploads\/2018\/12\/ubytovani_04-768x576.jpg 768w, https:\/\/novy.sos-souhtyn.cz\/novy\/wp-content\/uploads\/2018\/12\/ubytovani_04.jpg 1024w\" sizes=\"(max-width: 300px) 100vw, 300px\" \/> <img loading=\"lazy\" class=\"alignnone size-medium wp-image-525\" src=\"https:\/\/novy.sos-souhtyn.cz\/novy\/wp-content\/uploads\/2018\/12\/ubytovani_03-300x225.jpg\" alt=\"\" width=\"300\" height=\"225\" srcset=\"https:\/\/novy.sos-souhtyn.cz\/novy\/wp-content\/uploads\/2018\/12\/ubytovani_03-300x225.jpg 300w, https:\/\/novy.sos-souhtyn.cz\/novy\/wp-content\/uploads\/2018\/12\/ubytovani_03-768x576.jpg 768w, https:\/\/novy.sos-souhtyn.cz\/novy\/wp-content\/uploads\/2018\/12\/ubytovani_03.jpg 1024w\" sizes=\"(max-width: 300px) 100vw, 300px\" \/> <img loading=\"lazy\" class=\"size-medium wp-image-524\" src=\"https:\/\/novy.sos-souhtyn.cz\/novy\/wp-content\/uploads\/2018\/12\/ubytovani_02-300x225.jpg\" alt=\"\" width=\"300\" height=\"225\" srcset=\"https:\/\/novy.sos-souhtyn.cz\/novy\/wp-content\/uploads\/2018\/12\/ubytovani_02-300x225.jpg 300w, https:\/\/novy.sos-souhtyn.cz\/novy\/wp-content\/uploads\/2018\/12\/ubytovani_02-768x576.jpg 768w, https:\/\/novy.sos-souhtyn.cz\/novy\/wp-content\/uploads\/2018\/12\/ubytovani_02.jpg 1024w\" sizes=\"(max-width: 300px) 100vw, 300px\" \/> <img loading=\"lazy\" class=\"size-medium wp-image-524\" src=\"https:\/\/novy.sos-souhtyn.cz\/novy\/wp-content\/uploads\/2018\/12\/ubytovani_01-300x225.jpg\" alt=\"\" width=\"300\" height=\"225\" \/><\/h5>\n<p>&nbsp;<\/p>\n","protected":false},"excerpt":{"rendered":"<p><a class=\"read-more\" href=\"https:\/\/novy.sos-souhtyn.cz\/novy\/?page_id=231\"><\/a><\/p>\n","protected":false},"author":2,"featured_media":0,"parent":0,"menu_order":0,"comment_status":"closed","ping_status":"closed","template":"","meta":[],"_links":{"self":[{"href":"https:\/\/novy.sos-souhtyn.cz\/novy\/index.php?rest_route=\/wp\/v2\/pages\/231"}],"collection":[{"href":"https:\/\/novy.sos-souhtyn.cz\/novy\/index.php?rest_route=\/wp\/v2\/pages"}],"about":[{"href":"https:\/\/novy.sos-souhtyn.cz\/novy\/index.php?rest_route=\/wp\/v2\/types\/page"}],"author":[{"embeddable":true,"href":"https:\/\/novy.sos-souhtyn.cz\/novy\/index.php?rest_route=\/wp\/v2\/users\/2"}],"replies":[{"embeddable":true,"href":"https:\/\/novy.sos-souhtyn.cz\/novy\/index.php?rest_route=%2Fwp%2Fv2%2Fcomments&post=231"}],"version-history":[{"count":58,"href":"https:\/\/novy.sos-souhtyn.cz\/novy\/index.php?rest_route=\/wp\/v2\/pages\/231\/revisions"}],"predecessor-version":[{"id":1616,"href":"https:\/\/novy.sos-souhtyn.cz\/novy\/index.php?rest_route=\/wp\/v2\/pages\/231\/revisions\/1616"}],"wp:attachment":[{"href":"https:\/\/novy.sos-souhtyn.cz\/novy\/index.php?rest_route=%2Fwp%2Fv2%2Fmedia&parent=231"}],"curies":[{"name":"wp","href":"https:\/\/api.w.org\/{rel}","templated":true}]}}