{"id":235,"date":"2018-12-18T08:38:42","date_gmt":"2018-12-18T07:38:42","guid":{"rendered":"https:\/\/novy.sos-souhtyn.cz\/novy\/?page_id=235"},"modified":"2022-01-27T13:22:35","modified_gmt":"2022-01-27T12:22:35","slug":"rezervace","status":"publish","type":"page","link":"https:\/\/novy.sos-souhtyn.cz\/novy\/?page_id=235","title":{"rendered":"REZERVACE"},"content":{"rendered":"<h3>Orienta\u010dn\u00ed obsazenost penzionu<br \/>\nV p\u0159\u00edpad\u011b, \u017ee budete cht\u00edt rezervovat term\u00edn, kontaktujte n\u00e1s\u00a0<a href=\"mailto:penzion@sos-souhtyn.cz\">e-mailem.<\/a><br \/>\n<iframe style=\"border: 0;\" src=\"https:\/\/www.google.com\/calendar\/embed?src=zehaf%40sos-souhtyn.cz&amp;ctz=Europe\/Prague\" width=\"990\" height=\"350\" frameborder=\"0\" scrolling=\"no\"><\/iframe><\/h3>\n","protected":false},"excerpt":{"rendered":"<p><a class=\"read-more\" href=\"https:\/\/novy.sos-souhtyn.cz\/novy\/?page_id=235\"><\/a><\/p>\n","protected":false},"author":2,"featured_media":0,"parent":0,"menu_order":0,"comment_status":"closed","ping_status":"closed","template":"","meta":[],"_links":{"self":[{"href":"https:\/\/novy.sos-souhtyn.cz\/novy\/index.php?rest_route=\/wp\/v2\/pages\/235"}],"collection":[{"href":"https:\/\/novy.sos-souhtyn.cz\/novy\/index.php?rest_route=\/wp\/v2\/pages"}],"about":[{"href":"https:\/\/novy.sos-souhtyn.cz\/novy\/index.php?rest_route=\/wp\/v2\/types\/page"}],"author":[{"embeddable":true,"href":"https:\/\/novy.sos-souhtyn.cz\/novy\/index.php?rest_route=\/wp\/v2\/users\/2"}],"replies":[{"embeddable":true,"href":"https:\/\/novy.sos-souhtyn.cz\/novy\/index.php?rest_route=%2Fwp%2Fv2%2Fcomments&post=235"}],"version-history":[{"count":19,"href":"https:\/\/novy.sos-souhtyn.cz\/novy\/index.php?rest_route=\/wp\/v2\/pages\/235\/revisions"}],"predecessor-version":[{"id":1405,"href":"https:\/\/novy.sos-souhtyn.cz\/novy\/index.php?rest_route=\/wp\/v2\/pages\/235\/revisions\/1405"}],"wp:attachment":[{"href":"https:\/\/novy.sos-souhtyn.cz\/novy\/index.php?rest_route=%2Fwp%2Fv2%2Fmedia&parent=235"}],"curies":[{"name":"wp","href":"https:\/\/api.w.org\/{rel}","templated":true}]}}