{"id":237,"date":"2018-12-18T08:38:58","date_gmt":"2018-12-18T07:38:58","guid":{"rendered":"https:\/\/novy.sos-souhtyn.cz\/novy\/?page_id=237"},"modified":"2020-09-26T20:37:12","modified_gmt":"2020-09-26T18:37:12","slug":"turistika","status":"publish","type":"page","link":"https:\/\/novy.sos-souhtyn.cz\/novy\/?page_id=237","title":{"rendered":"TURISTIKA"},"content":{"rendered":"<h4><strong>Nab\u00edz\u00edme proj\u00ed\u017e\u010fky na kon\u00edch po historick\u00e9 obo\u0159e.<\/strong><\/h4>\n<div id='gallery-1' class='gallery galleryid-237 gallery-columns-5 gallery-size-medium'><figure class='gallery-item'>\n\t\t\t<div class='gallery-icon landscape'>\n\t\t\t\t<a href='https:\/\/novy.sos-souhtyn.cz\/novy\/wp-content\/uploads\/2018\/12\/aktivity_05.jpg'><img width=\"300\" height=\"225\" src=\"https:\/\/novy.sos-souhtyn.cz\/novy\/wp-content\/uploads\/2018\/12\/aktivity_05-300x225.jpg\" class=\"attachment-medium size-medium\" alt=\"\" loading=\"lazy\" srcset=\"https:\/\/novy.sos-souhtyn.cz\/novy\/wp-content\/uploads\/2018\/12\/aktivity_05-300x225.jpg 300w, https:\/\/novy.sos-souhtyn.cz\/novy\/wp-content\/uploads\/2018\/12\/aktivity_05-768x576.jpg 768w, https:\/\/novy.sos-souhtyn.cz\/novy\/wp-content\/uploads\/2018\/12\/aktivity_05.jpg 800w\" sizes=\"(max-width: 300px) 100vw, 300px\" \/><\/a>\n\t\t\t<\/div><\/figure><figure class='gallery-item'>\n\t\t\t<div class='gallery-icon landscape'>\n\t\t\t\t<a href='https:\/\/novy.sos-souhtyn.cz\/novy\/wp-content\/uploads\/2018\/12\/aktivity_04.jpg'><img width=\"300\" height=\"225\" src=\"https:\/\/novy.sos-souhtyn.cz\/novy\/wp-content\/uploads\/2018\/12\/aktivity_04-300x225.jpg\" class=\"attachment-medium size-medium\" alt=\"\" loading=\"lazy\" srcset=\"https:\/\/novy.sos-souhtyn.cz\/novy\/wp-content\/uploads\/2018\/12\/aktivity_04-300x225.jpg 300w, https:\/\/novy.sos-souhtyn.cz\/novy\/wp-content\/uploads\/2018\/12\/aktivity_04-768x576.jpg 768w, https:\/\/novy.sos-souhtyn.cz\/novy\/wp-content\/uploads\/2018\/12\/aktivity_04.jpg 800w\" sizes=\"(max-width: 300px) 100vw, 300px\" \/><\/a>\n\t\t\t<\/div><\/figure><figure class='gallery-item'>\n\t\t\t<div class='gallery-icon landscape'>\n\t\t\t\t<a href='https:\/\/novy.sos-souhtyn.cz\/novy\/wp-content\/uploads\/2018\/12\/aktivity_03.jpg'><img width=\"300\" height=\"225\" src=\"https:\/\/novy.sos-souhtyn.cz\/novy\/wp-content\/uploads\/2018\/12\/aktivity_03-300x225.jpg\" class=\"attachment-medium size-medium\" alt=\"\" loading=\"lazy\" srcset=\"https:\/\/novy.sos-souhtyn.cz\/novy\/wp-content\/uploads\/2018\/12\/aktivity_03-300x225.jpg 300w, https:\/\/novy.sos-souhtyn.cz\/novy\/wp-content\/uploads\/2018\/12\/aktivity_03-768x576.jpg 768w, https:\/\/novy.sos-souhtyn.cz\/novy\/wp-content\/uploads\/2018\/12\/aktivity_03.jpg 800w\" sizes=\"(max-width: 300px) 100vw, 300px\" \/><\/a>\n\t\t\t<\/div><\/figure><figure class='gallery-item'>\n\t\t\t<div class='gallery-icon landscape'>\n\t\t\t\t<a href='https:\/\/novy.sos-souhtyn.cz\/novy\/wp-content\/uploads\/2018\/12\/aktivity_02.jpg'><img width=\"300\" height=\"225\" src=\"https:\/\/novy.sos-souhtyn.cz\/novy\/wp-content\/uploads\/2018\/12\/aktivity_02-300x225.jpg\" class=\"attachment-medium size-medium\" alt=\"\" loading=\"lazy\" srcset=\"https:\/\/novy.sos-souhtyn.cz\/novy\/wp-content\/uploads\/2018\/12\/aktivity_02-300x225.jpg 300w, https:\/\/novy.sos-souhtyn.cz\/novy\/wp-content\/uploads\/2018\/12\/aktivity_02-768x576.jpg 768w, https:\/\/novy.sos-souhtyn.cz\/novy\/wp-content\/uploads\/2018\/12\/aktivity_02.jpg 800w\" sizes=\"(max-width: 300px) 100vw, 300px\" \/><\/a>\n\t\t\t<\/div><\/figure><figure class='gallery-item'>\n\t\t\t<div class='gallery-icon landscape'>\n\t\t\t\t<a href='https:\/\/novy.sos-souhtyn.cz\/novy\/wp-content\/uploads\/2018\/12\/aktivity_01.jpg'><img width=\"300\" height=\"225\" src=\"https:\/\/novy.sos-souhtyn.cz\/novy\/wp-content\/uploads\/2018\/12\/aktivity_01-300x225.jpg\" class=\"attachment-medium size-medium\" alt=\"\" loading=\"lazy\" srcset=\"https:\/\/novy.sos-souhtyn.cz\/novy\/wp-content\/uploads\/2018\/12\/aktivity_01-300x225.jpg 300w, https:\/\/novy.sos-souhtyn.cz\/novy\/wp-content\/uploads\/2018\/12\/aktivity_01.jpg 700w\" sizes=\"(max-width: 300px) 100vw, 300px\" \/><\/a>\n\t\t\t<\/div><\/figure>\n\t\t<\/div>\n\n<h6><strong>Ceny dohodou.<\/strong><\/h6>\n<hr \/>\n<p><strong>Loveck\u00fd z\u00e1me\u010dek Annaburg<br \/>\n<\/strong><img loading=\"lazy\" class=\"alignleft wp-image-623\" src=\"https:\/\/novy.sos-souhtyn.cz\/novy\/wp-content\/uploads\/2018\/12\/turistika_05.jpg\" alt=\"\" width=\"198\" height=\"148\" \/><br \/>\nLoveck\u00fd z\u00e1me\u010dek v obo\u0159e u Hor\u0161ova. Osmibok\u00fd barokn\u00ed z\u00e1mek, kter\u00fd nechali v 18. stolet\u00ed postavit Trautmannsdorfov\u00e9. Po dlouh\u00fdch l\u00e9tech nez\u00e1jmu o tuto stavbu z\u016fstaly od 90. let minul\u00e9ho stolet\u00ed, kdy se propadla st\u0159echa, jen trosky zarostl\u00e9 stromy. Po rekonstrukci St\u0159edn\u00ed odbornou \u0161kolou Hor\u0161ovsk\u00fd T\u00fdn se z n\u011bj stala op\u011bt v\u00fdznamn\u00e1 dominanta okol\u00ed.<br \/>\n<a href=\"http:\/\/domazlicky.denik.cz\/zpravy_region\/annaburg-ma-konecne-novou-tvar20091010.html\" target=\"_blank\" rel=\"noopener noreferrer\">zpr\u00e1va v doma\u017elick\u00e9m den\u00edku<\/a><\/p>\n<p>&nbsp;<\/p>\n<hr \/>\n<h4><strong>Nau\u010dn\u00e1 stezka Hor\u0161ov &#8211; Obora<br \/>\n<\/strong><img loading=\"lazy\" class=\"alignnone wp-image-630 size-medium\" src=\"https:\/\/novy.sos-souhtyn.cz\/novy\/wp-content\/uploads\/2018\/12\/mapka-300x216.jpg\" alt=\"\" width=\"300\" height=\"216\" srcset=\"https:\/\/novy.sos-souhtyn.cz\/novy\/wp-content\/uploads\/2018\/12\/mapka-300x216.jpg 300w, https:\/\/novy.sos-souhtyn.cz\/novy\/wp-content\/uploads\/2018\/12\/mapka-768x553.jpg 768w, https:\/\/novy.sos-souhtyn.cz\/novy\/wp-content\/uploads\/2018\/12\/mapka.jpg 800w\" sizes=\"(max-width: 300px) 100vw, 300px\" \/><img loading=\"lazy\" class=\"alignnone wp-image-631\" src=\"https:\/\/novy.sos-souhtyn.cz\/novy\/wp-content\/uploads\/2018\/12\/turistika_06.jpg\" alt=\"\" width=\"353\" height=\"212\" \/><\/h4>\n<p>&nbsp;<\/p>\n<hr \/>\n<h3><\/h3>\n<h3><b>Turistick\u00e9 c\u00edle v okol\u00ed<\/b><\/h3>\n<h4><b>Hrad a z\u00e1mek Hor\u0161ovsk\u00fd T\u00fdn<\/b><\/h4>\n<p><a href=\"http:\/\/www.horsovsky-tyn.cz\" target=\"_blank\" rel=\"noopener noreferrer\">www.horsovsky-tyn.cz<\/a><br \/>\n<img loading=\"lazy\" class=\"alignleft size-thumbnail wp-image-635\" src=\"https:\/\/novy.sos-souhtyn.cz\/novy\/wp-content\/uploads\/2018\/12\/turistika_01-150x150.jpg\" alt=\"\" width=\"150\" height=\"150\" \/>V nedalek\u00e9m Hor\u0161ov\u011b st\u00e1val ji\u017e ve 12. stolet\u00ed opevn\u011bn\u00fd biskupsk\u00fd dvorec. Pot\u00e9 byl na skalnat\u00e9m ostrohu v bl\u00edzk\u00e9 kupeck\u00e9 osad\u011b zvan\u00e9 T\u00fdn \u2013 pozd\u011bji Hor\u0161ovsk\u00fd &#8211; jedn\u00edm z pra\u017esk\u00fdch biskup\u016f vystav\u011bn opevn\u011bn\u00fd ran\u011b gotick\u00fd hrad kastelov\u00e9ho typu.<br \/>\nPo husitsk\u00fdch v\u00e1lk\u00e1ch hrad p\u0159ech\u00e1z\u00ed z c\u00edrkevn\u00edch rukou do rukou sv\u011btsk\u00fdch feud\u00e1l\u016f. Jako jedni z prvn\u00edch \u0161lechtick\u00fdch rod\u016f sem p\u0159ich\u00e1zej\u00ed Ron\u0161perkov\u00e9, p\u00e1ni z nedalek\u00fdch Pob\u011b\u017eovic. Okolo roku 1535 toto panstv\u00ed z\u00edskal od nich do sv\u00e9ho dr\u017een\u00ed v\u00fdznamn\u00fd \u010desk\u00fd rod p\u00e1n\u016f z Lobkovicz.<\/p>\n<p>V roce 1623 panstv\u00ed koupil za nepatrn\u00fd obnos jako levn\u00fd pob\u011blohorsk\u00fd konfisk\u00e1t \u0161t\u00fdrsk\u00fd hrab\u011b Maximilian Trauttmansdorff \u2013 c\u00edsa\u0159sk\u00fd diplomat. Trauttmansdorffov\u00e9 vlastnili z\u00e1mek v\u00edce ne\u017e 300 let a\u017e do roku 1945, kdy na z\u00e1klad\u011b Bene\u0161ova dekretu spr\u00e1vu nad n\u00edm p\u0159evzal st\u00e1t.<img loading=\"lazy\" class=\"size-thumbnail wp-image-636 alignright\" src=\"https:\/\/novy.sos-souhtyn.cz\/novy\/wp-content\/uploads\/2018\/12\/turistika_02-150x150.jpg\" alt=\"\" width=\"150\" height=\"150\" \/><br \/>\nHrad a z\u00e1mek Hor\u0161ovsk\u00fd T\u00fdn je cenn\u00fd t\u00edm, \u017ee po renesan\u010dn\u00ed p\u0159estavb\u011b v 16. stolet\u00ed nebyl ji\u017e pozd\u011bji p\u0159estavov\u00e1n, a\u017e na drobn\u00e9 \u00fapravy na zadn\u00edm n\u00e1dvo\u0159\u00ed p\u0159i posledn\u00ed rekonstrukci na konci 19. stolet\u00ed.<\/p>\n<p>V roce 1996 byl cel\u00fd are\u00e1l pro svoji nesm\u00edrnou historickou hodnotu prohl\u00e1\u0161en N\u00e1rodn\u00ed kulturn\u00ed pam\u00e1tkou. Dnes se z\u00e1mek \u0159ad\u00ed k nejv\u00edce zp\u0159\u00edstupn\u011bn\u00fdm pam\u00e1tkov\u00fdm objekt\u016fm u n\u00e1s. V hlavn\u00ed sez\u00f3n\u011b nab\u00edz\u00ed n\u00e1v\u0161t\u011bvn\u00edk\u016fm \u010dty\u0159i n\u00e1v\u0161t\u011bvnick\u00e9 okruhy s celkovou dobou prohl\u00eddky p\u0159es 4 hodiny.<\/p>\n<p>P\u0159ilehl\u00fd z\u00e1meck\u00fd park je o rozloze 40 ha.<\/p>\n<hr \/>\n<h4><b>M\u011bsto Hor\u0161ovsk\u00fd T\u00fdn<\/b><\/h4>\n<p><a href=\"http:\/\/www.horsovskytyn.cz\" target=\"_blank\" rel=\"noopener noreferrer\">www.horsovskytyn.cz<\/a><br \/>\n<img loading=\"lazy\" class=\"alignleft size-thumbnail wp-image-646\" src=\"https:\/\/novy.sos-souhtyn.cz\/novy\/wp-content\/uploads\/2018\/12\/turistika_10-150x150.jpg\" alt=\"\" width=\"150\" height=\"150\" \/>M\u011bsto je od r. 1953 vyhl\u00e1\u0161eno m\u011bstskou pam\u00e1tkovou rezervac\u00ed.<br \/>\n<u>Kostel svat\u00e9ho Petra a Pavla na n\u00e1m\u011bst\u00ed Republiky<\/u>\u00a0&#8211; byl postaven v 80. letech 13. stolet\u00ed v ran\u011b gotick\u00e9m stylu, v 17. stolet\u00ed byl p\u0159estav\u011bn ve stylu barokn\u00edm. Jeho 38 m vysok\u00e1 kosteln\u00ed v\u011b\u017e umo\u017e\u0148uje n\u00e1v\u0161t\u011bvn\u00edk\u016fm dalek\u00fd v\u00fdhled do okoln\u00ed krajiny.<br \/>\n<u>Radnice na n\u00e1m\u011bst\u00ed Republiky<\/u>\u00a0&#8211; byla vystav\u011bna v 16. stolet\u00ed v pozdn\u011b gotick\u00e9m stylu, po po\u017e\u00e1ru v roce 1547 p\u0159estav\u011bna ve stylu renesan\u010dn\u00edm. O sto let pozd\u011bji byla znovu p\u0159estav\u011bna v barokn\u00edm stylu a nedlouho pot\u00e9 (1708) op\u011bt vyho\u0159ela a byla op\u011bt obnovena. T\u0159et\u00ed po\u017e\u00e1r v historii ji postihl v roce 1801. Posledn\u00ed \u00faprava prob\u011bhla mezi roky 1964 &#8211; 1967, kdy byl radnici navr\u00e1cen jej\u00ed renesan\u010dn\u00ed vzhled.<\/p>\n<p><img loading=\"lazy\" class=\"alignleft size-thumbnail wp-image-647\" src=\"https:\/\/novy.sos-souhtyn.cz\/novy\/wp-content\/uploads\/2018\/12\/turistika_11-150x150.jpg\" alt=\"\" width=\"150\" height=\"150\" \/><\/p>\n<p><u>Kapuc\u00ednsk\u00fd kl\u00e1\u0161ter<\/u>\u00a0&#8211; byl vystav\u011bn v barokn\u00edm stylu v roce 1654. Jako kl\u00e1\u0161ter definitivn\u011b zanikl v roce 1950, kdy se z n\u011bj stal sklad potravin. V sou\u010dasnosti prob\u00edh\u00e1 jeho rekonstrukce.<br \/>\n<u>Kostel svat\u00e9 Anny na Vr\u0161\u00ed\u010dku<\/u>\u00a0&#8211; pozdn\u011b gotick\u00fd kostel, dominanta krajiny p\u0159i hlavn\u00ed silnici na Doma\u017elice. Vede k n\u011bmu k\u0159\u00ed\u017eov\u00e1 cesta.<br \/>\n<u>Kostel svat\u00e9ho Apolin\u00e1\u0159e na Husov\u011b n\u00e1m\u011bst\u00ed<\/u>\u00a0&#8211; jedna z nejstar\u0161\u00edch staveb ve m\u011bst\u011b &#8211; gotick\u00fd kostel z poloviny 13. stolet\u00ed. Nach\u00e1zej\u00ed se v n\u011bm vz\u00e1cn\u00e9 malby Hor\u0161ovsk\u00e9ho T\u00fdna z roku 1500. Stoj\u00ed na Velk\u00e9m p\u0159edm\u011bst\u00ed p\u0159i hlavn\u00edm silni\u010dn\u00edm pr\u016ftahu m\u011bstem.<\/p>\n<hr \/>\n<h4><b>Koupali\u0161t\u011b a autokemp Podh\u00e1j\u00ed<\/b><\/h4>\n<p><a href=\"http:\/\/www.ekempy.cz\/plzensky\/domazlice\/728-podhaji-horsovsky-tyn\" target=\"_blank\" rel=\"noopener noreferrer\">www.ekempy.cz\/plzensky\/domazlice\/728-podhaji-horsovsky-tyn<\/a><br \/>\n<img loading=\"lazy\" class=\"alignleft size-thumbnail wp-image-680\" src=\"https:\/\/novy.sos-souhtyn.cz\/novy\/wp-content\/uploads\/2018\/12\/turistika_08-150x150.jpg\" alt=\"\" width=\"150\" height=\"150\" \/><\/p>\n<p>3 km jihoz\u00e1padn\u011b od m\u011bsta se nach\u00e1z\u00ed p\u0159\u00edrodn\u00ed koupali\u0161t\u011b, chatov\u00e1 osada a autokemp Podh\u00e1j\u00ed. S Hor\u0161ovsk\u00fdm T\u00fdnem a Hor\u0161ovem je spojeno cyklostezkou.<\/p>\n<h4><\/h4>\n<h4><\/h4>\n<hr \/>\n<h4><\/h4>\n<h4><\/h4>\n<h4><b>Hor\u0161ov<\/b><\/h4>\n<p><a href=\"http:\/\/horsov.euweb.cz\" target=\"_blank\" rel=\"noopener noreferrer\">horsov.euweb.cz<\/a><br \/>\n<img loading=\"lazy\" class=\"alignleft size-thumbnail wp-image-686\" src=\"https:\/\/novy.sos-souhtyn.cz\/novy\/wp-content\/uploads\/2018\/12\/turistika_04-150x150.jpg\" alt=\"\" width=\"150\" height=\"150\" \/>Obec Hor\u0161ov byla v majetku pra\u017esk\u00e9ho biskupstv\u00ed a poch\u00e1z\u00ed z let 1182\u20131192. Tou dobou byla zdej\u0161\u00ed osada s tvrz\u00ed d\u016fle\u017eit\u00fdm spr\u00e1vn\u00edm centrem cel\u00e9 oblasti. V obdob\u00ed 60. let 14. stolet\u00ed do\u0161lo k p\u0159estavb\u011b p\u016fvodn\u00edho kostela v gotick\u00e9m slohu do podoby, kterou si objekt v z\u00e1sad\u011b uchoval dodnes. Jedn\u00edm z nejcenn\u011bj\u0161\u00edch doklad\u016f p\u0159estavby kostela v gotick\u00e9m slohu je unik\u00e1tn\u00ed krov nad presbyteriem. Konstrukce krovu je datov\u00e1na do roku 1363 a pat\u0159\u00ed mezi nejstar\u0161\u00ed konstrukce tohoto druhu u gotick\u00fdch c\u00edrkevn\u00edch staveb v \u010cech\u00e1ch. Posledn\u00ed velk\u00e1 slohov\u00e1 p\u0159estavba kostela byla uskute\u010dn\u011bna v obdob\u00ed p\u0159ed rokem 1745. V 18. stolet\u00ed byl prostor h\u0159bitova p\u0159i kostele V\u0161ech svat\u00fdch opat\u0159en kamennou ohradn\u00ed zd\u00ed se vstupn\u00ed br\u00e1nou. K z\u00e1padn\u00edmu pr\u016f\u010del\u00ed kostela byla p\u0159istav\u011bna p\u0159eds\u00ed\u0148. Posledn\u00ed v\u011bt\u0161\u00ed stavebn\u00ed \u00fapravou v 19. stolet\u00ed byla rekonstrukce v\u011b\u017en\u00ed b\u00e1n\u011b a proveden\u00ed nov\u00fdch vn\u011bj\u0161\u00edch om\u00edtek fas\u00e1d kostela. V 90. letech 20. stolet\u00ed p\u0159evzal zcela zch\u00e1tral\u00fd kostel Pam\u00e1tkov\u00fd \u00fastav v Plzni. V obdob\u00ed let 2001\u20132005 byla uskute\u010dn\u011bna celkov\u00e1 pam\u00e1tkov\u00e1 obnova are\u00e1lu kostela a jeho hodnotn\u00e9ho vnit\u0159n\u00edho za\u0159\u00edzen\u00ed.<\/p>\n<hr \/>\n<h4><b>Cyklotrasa P\u0159\u00e1telstv\u00ed<\/b><\/h4>\n<p><a href=\"http:\/\/www.tourism.cz\/encyklopedie\/objekty1.phtml?id=130081\" target=\"_blank\" rel=\"noopener noreferrer\">www.tourism.cz\/encyklopedie\/objekty1.phtml?id=130081<\/a><\/p>\n<p>V roce 2001 byla otev\u0159ena cyklotrasa (pouze p\u011b\u0161\u00ed, ly\u017ee) vedouc\u00ed z Hor\u0161ovsk\u00e9ho T\u00fdna na hrani\u010dn\u00ed p\u0159echod \u0160varcava a d\u00e1le do n\u011bmeck\u00e9ho m\u011bsta Nabburg. D\u00e9lka trasy je cca 100 km.<\/p>\n<hr \/>\n<h4><b>Nau\u010dn\u00e1 stezka Sedmiho\u0159\u00ed a p\u0159\u00edrodn\u00ed park<\/b><\/h4>\n<p><a href=\"http:\/\/www.lesycr.cz\/ls222\/naucna-stezka-sedmihori\/Stranky\/default.aspx\" target=\"_blank\" rel=\"noopener noreferrer\">www.lesycr.cz\/ls222\/naucna-stezka-sedmihori\/Stranky\/default.aspx<\/a><br \/>\n<img loading=\"lazy\" class=\"alignleft size-thumbnail wp-image-690\" src=\"https:\/\/novy.sos-souhtyn.cz\/novy\/wp-content\/uploads\/2018\/12\/turistika_07-150x150.jpg\" alt=\"\" width=\"150\" height=\"150\" \/>Sedmiho\u0159\u00ed je p\u0159\u00edrodn\u00ed celek charakterizovan\u00fd vrchy, je poset \u017eulov\u00fdmi balvany a porostl\u00fd hlubok\u00fdmi borov\u00fdmi lesy. Jm\u00e9no z\u00edskalo Sedmiho\u0159\u00ed po sedmi nejv\u00fdrazn\u011bj\u0161\u00edch kopc\u00edch. Nejv\u00fdznamn\u011bj\u0161\u00ed je trasa nau\u010dn\u00e9 stezky vedouc\u00ed z Mi\u0159kova. P\u0159i hlavn\u00ed cest\u011b z Mi\u0159kova do Darmy\u0161le, kter\u00e1 komplex Sedmiho\u0159\u00ed d\u011bl\u00ed na dv\u011b \u010d\u00e1sti, spat\u0159\u00edme t\u011bsn\u011b u cesty balvan zvan\u00fd \u201eU Ru\u010di\u010dek\u201c. Na kameni jsou skute\u010dn\u011b vytes\u00e1ny dv\u011b proti sob\u011b nap\u0159a\u017een\u00e9 ruce a pod nimi vyryto \u201eWillkommen\u201c s letopo\u010dtem 1766. U kamene se st\u00fdkaj\u00ed hranice doma\u017elick\u00e9ho a tachovsk\u00e9ho okresu. Celkem na 12 zastaven\u00edch (vysv\u011btluj\u00edc\u00edch tabul\u00ed) se dozv\u00edme v\u0161e o nau\u010dn\u00e9 stezce (o historii, p\u0159\u00edrod\u011b, vegetaci, os\u00eddlen\u00ed, rybn\u00edk\u00e1ch, zv\u00ed\u0159en\u011b aj.). Stezka je dlouh\u00e1 10 km. Na jej\u00ed projit\u00ed je t\u0159eba p\u0159ibli\u017en\u011b 4 &#8211; 5 hodin.<\/p>\n<hr \/>\n<h4><b>Kostel sv. Anny Na Vr\u0161\u00ed\u010dku<\/b><\/h4>\n<p><img loading=\"lazy\" class=\"alignleft size-thumbnail wp-image-692\" src=\"https:\/\/novy.sos-souhtyn.cz\/novy\/wp-content\/uploads\/2018\/12\/turistika_09-150x150.jpg\" alt=\"\" width=\"150\" height=\"150\" \/>Podle pov\u011bsti vyoral na poli, asi 1 km jihoz\u00e1padn\u011b od Hor\u0161ovsk\u00e9ho T\u00fdna, or\u00e1\u010d K\u0159e\u010dka z\u00e1zra\u010dnou so\u0161ku sv. Anny. Proto roku 1507 byla na tomto m\u00edst\u011b vystav\u011bna prost\u00e1 d\u0159ev\u011bn\u00e1 kapli\u010dka.<\/p>\n<p>Samotn\u00fd kostel nechali pravd\u011bpodobn\u011b vystav\u011bt Ji\u0159\u00ed a Volf z Ron\u0161perka roku 1511. V roce 1516 byl kostel dokon\u010den a tak\u00e9 vysv\u011bcen. Po polovin\u011b 18. stolet\u00ed pro\u0161el kostel barokn\u00ed p\u0159estavbou, kdy byla dostav\u011bna sakristie a barokn\u00ed klenba. V polovin\u011b 19. stolet\u00ed nechala rodina Trauttmansdorff\u016f vystav\u011bt v podzem\u00ed kostela rodinnou hrobku.<\/p>\n<p>&nbsp;<\/p>\n<hr \/>\n<h4><b>Zna\u010den\u00e1 turistick\u00e1 trasa Hor\u0161ovsk\u00fd T\u00fdn \u2013 Doma\u017elice<\/b><\/h4>\n<p><a href=\"http:\/\/www.ceskehory.cz\/turistika\/domazlice-horsovsky-tyn.html\" target=\"_blank\" rel=\"noopener noreferrer\">www.ceskehory.cz\/turistika\/domazlice-horsovsky-tyn.html<\/a><\/p>\n<p>Trasa za\u010d\u00edn\u00e1 v centru m\u011bsta u kostela a lipovou alej\u00ed kolem kostela sv. Anny pokra\u010duje do Podh\u00e1j\u00ed. Odtud vede po zelen\u00e9 p\u0159es Kn\u011b\u017esk\u00fd vrch a Doln\u00ed Valdorf do N\u011bm\u010dic. D\u00e1le pokra\u010duje p\u0159es Doln\u00ed Baldov na rozcest\u00ed U Baldovsk\u00e9 kaple a po \u017elut\u00e9 kolem rybn\u00edka do Doma\u017elic.<\/p>\n<hr \/>\n<h4><b>Doma\u017elice<\/b><\/h4>\n<p><img loading=\"lazy\" class=\"alignleft size-thumbnail wp-image-695\" src=\"https:\/\/novy.sos-souhtyn.cz\/novy\/wp-content\/uploads\/2018\/12\/turistika_13-1-150x150.jpg\" alt=\"\" width=\"150\" height=\"150\" \/>Doma\u017elice (n\u011bmecky Taus) jsou okresn\u00ed m\u011bsto v Plze\u0148sk\u00e9m kraji a tradi\u010dn\u00ed centrum regionu Chodsko. M\u011bsto se rozkl\u00e1d\u00e1 na potoce Zub\u0159ina. Je vzd\u00e1leno 53 km jihoz\u00e1padn\u011b od Plzn\u011b a 14 km severov\u00fdchodn\u011b od HP Folmava\/Furth im Wald. Historicky cenn\u00e9 m\u011bstsk\u00e9 centrum je m\u011bstskou pam\u00e1tkovou rezervac\u00ed.<br \/>\nV centru m\u011bsta se nach\u00e1z\u00ed historick\u00e9 j\u00e1dro s m\u011b\u0161\u0165ansk\u00fdmi domy ze 14. a\u017e 16. stolet\u00ed.<br \/>\n<u>Chodsk\u00fd hrad<\/u>\u00a0&#8211; z p\u016fvodn\u00edho st\u0159edov\u011bk\u00e9ho hradu, zalo\u017een\u00e9ho P\u0159emyslem Otakarem II., se zachovala jenom v\u011b\u017e. V letech 1726-1730 byl hrad barokn\u011b p\u0159estav\u011bn. V roce 1995 hrad vyho\u0159el, ale n\u00e1sledky po\u017e\u00e1ru se na\u0161t\u011bst\u00ed poda\u0159ilo relativn\u011b brzy odstranit. Dnes najdeme v objektu hradu Muzeum Chodska.<br \/>\n<u style=\"font-family: inherit; font-style: inherit; font-weight: inherit;\">Kostel Nanebevzet\u00ed Panny Marie<\/u><span style=\"font-size: 15px;\">\u00a0v horn\u00ed (z\u00e1padn\u00ed) \u010d\u00e1sti n\u00e1m\u011bst\u00ed M\u00edru v Doma\u017elic\u00edch.<img loading=\"lazy\" class=\"alignright size-thumbnail wp-image-696\" src=\"https:\/\/novy.sos-souhtyn.cz\/novy\/wp-content\/uploads\/2018\/12\/turistika_14-150x150.jpg\" alt=\"\" width=\"150\" height=\"150\" \/><br \/>\n<\/span><u style=\"font-family: inherit; font-style: inherit; font-weight: inherit;\">Arcid\u011bkansk\u00fd kostel<\/u><span style=\"font-size: 15px;\">\u00a0&#8211; p\u016fvodn\u011b ran\u011b gotick\u00fd z 2. pol. 13. stolet\u00ed. V 15. stolet\u00ed zaklenut a zm\u011bn\u011bn v trojlod\u00ed, vyho\u0159el r. 1747, v letech 1751 \u2013 1756 barokn\u011b p\u0159estav\u011bn.<br \/>\n<\/span><u style=\"font-family: inherit; font-style: inherit; font-weight: inherit;\">Doln\u00ed br\u00e1na<\/u><span style=\"font-size: 15px;\">\u00a0&#8211; asi nejzn\u00e1m\u011bj\u0161\u00ed doma\u017elick\u00e1 br\u00e1na. Najdeme ji na doln\u00edm konci n\u00e1m\u011bst\u00ed M\u00edru. Poch\u00e1z\u00ed z 60. let 13. stolet\u00ed.<br \/>\n<\/span><u style=\"font-family: inherit; font-style: inherit; font-weight: inherit;\">Radnice<\/u><span style=\"font-size: 15px;\">\u00a0&#8211; novorenesan\u010dn\u00ed budova, vystav\u011bn\u00e1 na m\u00edst\u011b p\u016fvodn\u00ed renesan\u010dn\u00ed stavby, byla vystav\u011bna v roce 1893.<\/span><u style=\"font-family: inherit; font-style: inherit; font-weight: inherit;\">Kl\u00e1\u0161tern\u00ed kostel Nanebevzet\u00ed Panny Marie<\/u><span style=\"font-size: 15px;\">\u00a0&#8211; kostel zalo\u017een ve 2. polovici 13. stolet\u00ed, p\u0159estav\u011bn v letech 1774 \u2013 1787.<br \/>\n<\/span><u style=\"font-family: inherit; font-style: inherit; font-weight: inherit;\">Kostel Zv\u011bstov\u00e1n\u00ed P\u00e1n\u011b (U Svat\u00fdch)<\/u><span style=\"font-size: 15px;\">&#8211; p\u016fvodn\u011b farn\u00ed kostel pro venkovsk\u00e9 obce. U kostela je tzv. mal\u00e1 fara. Zalo\u017een po\u010d\u00e1tkem 14. stolet\u00ed, opraven po po\u017e\u00e1ru r. 1648. V t\u011bsn\u00e9 bl\u00edzkosti kostela st\u00e1val kostel sv. Jakuba a odtud se \u0159\u00edk\u00e1 kostelu &#8222;U Svat\u00fdch&#8220;.<br \/>\n<\/span><u style=\"font-family: inherit; font-style: inherit; font-weight: inherit;\">Kostel Sv. Vav\u0159ince<\/u><span style=\"font-size: 15px;\">\u00a0(na Vesel\u00e9 Ho\u0159e) Kostel byl postaven r. 1775 na m\u00edst\u011b kaple z let 1695 \u2013 1698, obnoven r. 1851.<br \/>\n<\/span><u style=\"font-family: inherit; font-style: inherit; font-weight: inherit;\">Kaple sv. Anny<\/u><span style=\"font-size: 15px;\">\u00a0\u2013 nach\u00e1z\u00ed se pod Vav\u0159ine\u010dkem.<\/span><\/p>\n<p>&nbsp;<\/p>\n","protected":false},"excerpt":{"rendered":"<p><a class=\"read-more\" href=\"https:\/\/novy.sos-souhtyn.cz\/novy\/?page_id=237\"><\/a><\/p>\n","protected":false},"author":2,"featured_media":0,"parent":0,"menu_order":0,"comment_status":"closed","ping_status":"closed","template":"","meta":[],"_links":{"self":[{"href":"https:\/\/novy.sos-souhtyn.cz\/novy\/index.php?rest_route=\/wp\/v2\/pages\/237"}],"collection":[{"href":"https:\/\/novy.sos-souhtyn.cz\/novy\/index.php?rest_route=\/wp\/v2\/pages"}],"about":[{"href":"https:\/\/novy.sos-souhtyn.cz\/novy\/index.php?rest_route=\/wp\/v2\/types\/page"}],"author":[{"embeddable":true,"href":"https:\/\/novy.sos-souhtyn.cz\/novy\/index.php?rest_route=\/wp\/v2\/users\/2"}],"replies":[{"embeddable":true,"href":"https:\/\/novy.sos-souhtyn.cz\/novy\/index.php?rest_route=%2Fwp%2Fv2%2Fcomments&post=237"}],"version-history":[{"count":76,"href":"https:\/\/novy.sos-souhtyn.cz\/novy\/index.php?rest_route=\/wp\/v2\/pages\/237\/revisions"}],"predecessor-version":[{"id":1260,"href":"https:\/\/novy.sos-souhtyn.cz\/novy\/index.php?rest_route=\/wp\/v2\/pages\/237\/revisions\/1260"}],"wp:attachment":[{"href":"https:\/\/novy.sos-souhtyn.cz\/novy\/index.php?rest_route=%2Fwp%2Fv2%2Fmedia&parent=237"}],"curies":[{"name":"wp","href":"https:\/\/api.w.org\/{rel}","templated":true}]}}