{"id":239,"date":"2018-12-18T08:39:09","date_gmt":"2018-12-18T07:39:09","guid":{"rendered":"https:\/\/novy.sos-souhtyn.cz\/novy\/?page_id=239"},"modified":"2020-09-26T20:26:19","modified_gmt":"2020-09-26T18:26:19","slug":"historie","status":"publish","type":"page","link":"https:\/\/novy.sos-souhtyn.cz\/novy\/?page_id=239","title":{"rendered":"HISTORIE"},"content":{"rendered":"<p>Penzion s restaurac\u00ed za\u010dali projektovat spole\u010dn\u011b se sv\u00fdmi u\u010diteli \u017e\u00e1ci oboru Stavebnictv\u00ed ji\u017e v roce 2008.<br \/>\nD\u00edky autoriza\u010dn\u00edm raz\u00edtk\u016fm u\u010ditel\u016f se postupn\u011b dopracovali i ke stavebn\u00edmu povolen\u00ed od stavebn\u00edho \u00fa\u0159adu.<\/p>\n<p>Se samotnou v\u00fdstavbou \u0161kola za\u010dala v \u00fanoru 2009 a celou stavebn\u00ed \u010d\u00e1st op\u011bt prov\u00e1d\u011bli samotn\u00ed \u017e\u00e1ci stavebn\u00edch obor\u016f, zejm\u00e9na oboru Zedn\u00edk a Pozemn\u00ed stavitelstv\u00ed.<br \/>\nStavba vy\u0161la na 20 milion\u016f korun.<\/p>\n<p>Na podzim 2011 byl penzion za p\u0159\u00edtomnosti hejtmana kraje, poslanc\u016f a televizn\u00edch \u0161t\u00e1b\u016f slavnostn\u011b otev\u0159en a byl zah\u00e1jen zku\u0161ebn\u00ed re\u017eim, tj. provoz do 15. hodiny.<br \/>\nProvoz kuchyn\u011b a restaurace zaji\u0161\u0165uj\u00ed \u017e\u00e1ci u\u010debn\u00edho oboru Kucha\u0159 &#8211; \u010d\u00ed\u0161n\u00edk, kte\u0159\u00ed v sou\u010dasn\u00e9 dob\u011b b\u011b\u017en\u011b va\u0159\u00ed ji\u017e kolem 120 j\u00eddel denn\u011b.<br \/>\nRecep\u010dn\u00ed pr\u00e1ce a zaji\u0161t\u011bn\u00ed vzd\u011bl\u00e1vac\u00edch akc\u00ed pak maj\u00ed ve sv\u00e9 n\u00e1plni praxe \u017e\u00e1ci studijn\u00edho oboru Ekonomika a podnik\u00e1n\u00ed.<\/p>\n<p>Od sam\u00e9ho za\u010d\u00e1tku je penzion otev\u0159en pro \u0161irokou ve\u0159ejnost &#8211; \u0161kolen\u00ed firem, svatby, turistick\u00e9 z\u00e1jezdy a podobn\u011b.<\/p>\n<p>Jedine\u010dnost vzd\u011bl\u00e1vac\u00edho centra spo\u010d\u00edv\u00e1 v tom, \u017ee \u017e\u00e1k\u016fm re\u00e1ln\u011b umo\u017en\u00ed podnikat ji\u017e na \u0161kole.<br \/>\n\u017d\u00e1ci maj\u00ed velkou osobn\u00ed odpov\u011bdnost a je zde pro n\u011b i pro u\u010ditele odborn\u00e9ho v\u00fdcviku jasn\u011b m\u011b\u0159iteln\u00fd v\u00fdstup &#8211; spokojen\u00ed host\u00e9 a n\u00e1vratnost provozn\u00edch v\u00fddaj\u016f.<\/p>\n<p>\u0160kole v \u017e\u00e1dn\u00e9m p\u0159\u00edpad\u011b nejde o doc\u00edlen\u00ed zisku, ale o to d\u00e1t \u017e\u00e1k\u016fm mo\u017enost vyzkou\u0161et si ji\u017e na \u0161kole opravdov\u00e9 podnikatelsk\u00e9 prost\u0159ed\u00ed.<\/p>\n<p>Sportovn\u011b \u0159e\u010deno, je to jak\u00fdsi velice ostr\u00fd tr\u00e9nink na mistrovsk\u00fd z\u00e1pas.<br \/>\nPenzion s restaurac\u00ed za\u010dali projektovat spole\u010dn\u011b se sv\u00fdmi u\u010diteli \u017e\u00e1ci oboru Stavebnictv\u00ed ji\u017e v roce 2008.<br \/>\nD\u00edky autoriza\u010dn\u00edm raz\u00edtk\u016fm u\u010ditel\u016f se postupn\u011b dopracovali i ke stavebn\u00edmu povolen\u00ed od stavebn\u00edho \u00fa\u0159adu.<\/p>\n<p>Se samotnou v\u00fdstavbou \u0161kola za\u010dala v \u00fanoru 2009 a celou stavebn\u00ed \u010d\u00e1st op\u011bt prov\u00e1d\u011bli samotn\u00ed \u017e\u00e1ci stavebn\u00edch obor\u016f, zejm\u00e9na oboru Zedn\u00edk a Pozemn\u00ed stavitelstv\u00ed.<br \/>\nStavba vy\u0161la na 20 milion\u016f korun.<\/p>\n<p>Na podzim 2011 byl penzion za p\u0159\u00edtomnosti hejtmana kraje, poslanc\u016f a televizn\u00edch \u0161t\u00e1b\u016f slavnostn\u011b otev\u0159en a byl zah\u00e1jen zku\u0161ebn\u00ed re\u017eim, tj. provoz do 15. hodiny.<br \/>\nProvoz kuchyn\u011b a restaurace zaji\u0161\u0165uj\u00ed \u017e\u00e1ci u\u010debn\u00edho oboru Kucha\u0159 &#8211; \u010d\u00ed\u0161n\u00edk, kte\u0159\u00ed v sou\u010dasn\u00e9 dob\u011b b\u011b\u017en\u011b va\u0159\u00ed ji\u017e kolem 120 j\u00eddel denn\u011b.<br \/>\nRecep\u010dn\u00ed pr\u00e1ce a zaji\u0161t\u011bn\u00ed vzd\u011bl\u00e1vac\u00edch akc\u00ed pak maj\u00ed ve sv\u00e9 n\u00e1plni praxe \u017e\u00e1ci studijn\u00edho oboru Ekonomika a podnik\u00e1n\u00ed.<\/p>\n<p>Od sam\u00e9ho za\u010d\u00e1tku je penzion otev\u0159en pro \u0161irokou ve\u0159ejnost &#8211; \u0161kolen\u00ed firem, svatby, turistick\u00e9 z\u00e1jezdy a podobn\u011b.<\/p>\n<p>Jedine\u010dnost vzd\u011bl\u00e1vac\u00edho centra spo\u010d\u00edv\u00e1 v tom, \u017ee \u017e\u00e1k\u016fm re\u00e1ln\u011b umo\u017en\u00ed podnikat ji\u017e na \u0161kole.<br \/>\n\u017d\u00e1ci maj\u00ed velkou osobn\u00ed odpov\u011bdnost a je zde pro n\u011b i pro u\u010ditele odborn\u00e9ho v\u00fdcviku jasn\u011b m\u011b\u0159iteln\u00fd v\u00fdstup &#8211; spokojen\u00ed host\u00e9 a n\u00e1vratnost provozn\u00edch v\u00fddaj\u016f.<\/p>\n<p>\u0160kole v \u017e\u00e1dn\u00e9m p\u0159\u00edpad\u011b nejde o doc\u00edlen\u00ed zisku, ale o to d\u00e1t \u017e\u00e1k\u016fm mo\u017enost vyzkou\u0161et si ji\u017e na \u0161kole opravdov\u00e9 podnikatelsk\u00e9 prost\u0159ed\u00ed.<\/p>\n<p>Sportovn\u011b \u0159e\u010deno, je to jak\u00fdsi velice ostr\u00fd tr\u00e9nink na mistrovsk\u00fd z\u00e1pas.<\/p>\n<p>&nbsp;<\/p>\n<h5>19.10.2011 &#8211;\u00a0<b>SLAVNOSTN\u00cd OTEV\u0158EN\u00cd PENZIONU V OBO\u0158E<\/b><\/h5>\n<div style=\"width: 520px;\" class=\"wp-video\"><!--[if lt IE 9]><script>document.createElement('video');<\/script><![endif]-->\n<video class=\"wp-video-shortcode\" id=\"video-239-1\" width=\"520\" height=\"360\" preload=\"metadata\" controls=\"controls\"><source type=\"video\/x-flv\" src=\"https:\/\/novy.sos-souhtyn.cz\/novy\/wp-content\/uploads\/2018\/12\/111019_penzion_ct.flv?_=1\" \/><a href=\"https:\/\/novy.sos-souhtyn.cz\/novy\/wp-content\/uploads\/2018\/12\/111019_penzion_ct.flv\">https:\/\/novy.sos-souhtyn.cz\/novy\/wp-content\/uploads\/2018\/12\/111019_penzion_ct.flv<\/a><\/video><\/div>\n<div style=\"width: 520px;\" class=\"wp-video\"><video class=\"wp-video-shortcode\" id=\"video-239-2\" width=\"520\" height=\"360\" preload=\"metadata\" controls=\"controls\"><source type=\"video\/x-flv\" src=\"https:\/\/novy.sos-souhtyn.cz\/novy\/wp-content\/uploads\/2018\/12\/111019_penzion_nova.flv?_=2\" \/><a href=\"https:\/\/novy.sos-souhtyn.cz\/novy\/wp-content\/uploads\/2018\/12\/111019_penzion_nova.flv\">https:\/\/novy.sos-souhtyn.cz\/novy\/wp-content\/uploads\/2018\/12\/111019_penzion_nova.flv<\/a><\/video><\/div>\n<div style=\"width: 520px;\" class=\"wp-video\"><video class=\"wp-video-shortcode\" id=\"video-239-3\" width=\"520\" height=\"360\" preload=\"metadata\" controls=\"controls\"><source type=\"video\/x-flv\" src=\"https:\/\/novy.sos-souhtyn.cz\/novy\/wp-content\/uploads\/2018\/12\/111019_penzion_prima.flv?_=3\" \/><a href=\"https:\/\/novy.sos-souhtyn.cz\/novy\/wp-content\/uploads\/2018\/12\/111019_penzion_prima.flv\">https:\/\/novy.sos-souhtyn.cz\/novy\/wp-content\/uploads\/2018\/12\/111019_penzion_prima.flv<\/a><\/video><\/div>\n<p>&nbsp;<\/p>\n<p>&nbsp;<\/p>\n<p>&nbsp;<\/p>\n","protected":false},"excerpt":{"rendered":"<p><a class=\"read-more\" href=\"https:\/\/novy.sos-souhtyn.cz\/novy\/?page_id=239\"><\/a><\/p>\n","protected":false},"author":2,"featured_media":594,"parent":0,"menu_order":0,"comment_status":"closed","ping_status":"closed","template":"","meta":[],"_links":{"self":[{"href":"https:\/\/novy.sos-souhtyn.cz\/novy\/index.php?rest_route=\/wp\/v2\/pages\/239"}],"collection":[{"href":"https:\/\/novy.sos-souhtyn.cz\/novy\/index.php?rest_route=\/wp\/v2\/pages"}],"about":[{"href":"https:\/\/novy.sos-souhtyn.cz\/novy\/index.php?rest_route=\/wp\/v2\/types\/page"}],"author":[{"embeddable":true,"href":"https:\/\/novy.sos-souhtyn.cz\/novy\/index.php?rest_route=\/wp\/v2\/users\/2"}],"replies":[{"embeddable":true,"href":"https:\/\/novy.sos-souhtyn.cz\/novy\/index.php?rest_route=%2Fwp%2Fv2%2Fcomments&post=239"}],"version-history":[{"count":15,"href":"https:\/\/novy.sos-souhtyn.cz\/novy\/index.php?rest_route=\/wp\/v2\/pages\/239\/revisions"}],"predecessor-version":[{"id":1255,"href":"https:\/\/novy.sos-souhtyn.cz\/novy\/index.php?rest_route=\/wp\/v2\/pages\/239\/revisions\/1255"}],"wp:featuredmedia":[{"embeddable":true,"href":"https:\/\/novy.sos-souhtyn.cz\/novy\/index.php?rest_route=\/wp\/v2\/media\/594"}],"wp:attachment":[{"href":"https:\/\/novy.sos-souhtyn.cz\/novy\/index.php?rest_route=%2Fwp%2Fv2%2Fmedia&parent=239"}],"curies":[{"name":"wp","href":"https:\/\/api.w.org\/{rel}","templated":true}]}}