{"id":37,"date":"2018-11-08T14:41:22","date_gmt":"2018-11-08T13:41:22","guid":{"rendered":"https:\/\/novy.sos-souhtyn.cz\/novy\/?page_id=37"},"modified":"2026-01-10T09:18:18","modified_gmt":"2026-01-10T08:18:18","slug":"domu","status":"publish","type":"page","link":"https:\/\/novy.sos-souhtyn.cz\/novy\/","title":{"rendered":"V\u00cdTEJTE NA STR\u00c1NK\u00c1CH \u0160KOLN\u00cdHO PENZIONU"},"content":{"rendered":"\t\t<div data-elementor-type=\"wp-page\" data-elementor-id=\"37\" class=\"elementor elementor-37\" data-elementor-settings=\"[]\">\n\t\t\t\t\t\t<div class=\"elementor-inner\">\n\t\t\t\t\t\t\t<div class=\"elementor-section-wrap\">\n\t\t\t\t\t\t\t<section class=\"elementor-section elementor-top-section elementor-element elementor-element-218a497a elementor-section-boxed elementor-section-height-default elementor-section-height-default\" data-id=\"218a497a\" data-element_type=\"section\">\n\t\t\t\t\t\t<div class=\"elementor-container elementor-column-gap-default\">\n\t\t\t\t\t\t\t<div class=\"elementor-row\">\n\t\t\t\t\t<div class=\"elementor-column elementor-col-100 elementor-top-column elementor-element elementor-element-3c41dd7f\" data-id=\"3c41dd7f\" data-element_type=\"column\">\n\t\t\t<div class=\"elementor-column-wrap elementor-element-populated\">\n\t\t\t\t\t\t\t<div class=\"elementor-widget-wrap\">\n\t\t\t\t\t\t<div class=\"elementor-element elementor-element-2c93d5f elementor-widget elementor-widget-text-editor\" data-id=\"2c93d5f\" data-element_type=\"widget\" data-widget_type=\"text-editor.default\">\n\t\t\t\t<div class=\"elementor-widget-container\">\n\t\t\t\t\t<div class=\"elementor-text-editor elementor-clearfix\"><p>V\u00edt\u00e1me V\u00e1s na str\u00e1nk\u00e1ch \u0161koln\u00edho penzionu St\u0159edn\u00ed odborn\u00e9 \u0161koly a St\u0159edn\u00edho odborn\u00e9ho u\u010dili\u0161t\u011b Hor\u0161ovsk\u00fd T\u00fdn s p\u0159\u00edzna\u010dn\u00fdm n\u00e1zvem Penzion V Obo\u0159e. Nov\u011b postaven\u00e1 budova byla dokon\u010dena v roce 2011. V <span style=\"font-size: 15px;\">restauraci s kapacitou 60 m\u00edst jsme schopni uspo\u0159\u00e1dat rauty, oslavy a firemn\u00ed akce dle Va\u0161ich po\u017eadavk\u016f. D\u00e1le nab\u00edz\u00edme prostory pro firemn\u00ed \u0161kolen\u00ed v u\u010debn\u011b s kapacitou 30 m\u00edst a ubytov\u00e1n\u00ed v 8 pokoj\u00edch s vlastn\u00edm soci\u00e1ln\u00edm za\u0159\u00edzen\u00edm s celkovou kapacitou 18 l\u016f\u017eek. O Va\u0161i spokojenost se postaraj\u00ed na\u0161i \u017e\u00e1ci pod veden\u00edm u\u010ditel\u016f odborn\u00e9ho v\u00fdcviku.<br \/><\/span><img class=\"alignnone size-large wp-image-455\" style=\"color: var( --e-global-color-secondary ); font-family: var( --e-global-typography-text-font-family ); font-weight: var( --e-global-typography-text-font-weight ); font-style: inherit;\" src=\"https:\/\/novy.sos-souhtyn.cz\/novy\/wp-content\/uploads\/2018\/12\/wifi-1.png\" width=\"80\" align=\"right\" \/><\/p><p><em>V cel\u00e9m objektu je mo\u017enost p\u0159ipojen\u00ed k internetu.<\/em><\/p><p><strong style=\"color: var( --e-global-color-secondary ); font-family: var( --e-global-typography-text-font-family );\">T\u011b\u0161\u00edme se na Va\u0161i n\u00e1v\u0161t\u011bvu.<\/strong><\/p><div><\/div><p><!-------<br \/>\n<marquee bgcolor=\"#32cd32\" width=100%><br \/>\n<strong><font size=\"2\" face=\"verdana\" color=\"#e0ffff\"> \u0160koln\u00ed Penzion bude s odvol\u00e1n\u00edm na na\u0159\u00edzen\u00ed ministerstva zdravotnictv\u00ed do odvol\u00e1n\u00ed uzav\u0159en.<br \/>\n<\/font><\/strong><br \/>\n<\/marquee><br \/>\n----------><\/p><\/div>\n\t\t\t\t<\/div>\n\t\t\t\t<\/div>\n\t\t\t\t\t\t<\/div>\n\t\t\t\t\t<\/div>\n\t\t<\/div>\n\t\t\t\t\t\t\t\t<\/div>\n\t\t\t\t\t<\/div>\n\t\t<\/section>\n\t\t\t\t\t\t<\/div>\n\t\t\t\t\t\t<\/div>\n\t\t\t\t\t<\/div>\n\t\t","protected":false},"excerpt":{"rendered":"<p><a class=\"read-more\" href=\"https:\/\/novy.sos-souhtyn.cz\/novy\/\"><\/a><\/p>\n","protected":false},"author":2,"featured_media":0,"parent":0,"menu_order":0,"comment_status":"closed","ping_status":"closed","template":"","meta":[],"_links":{"self":[{"href":"https:\/\/novy.sos-souhtyn.cz\/novy\/index.php?rest_route=\/wp\/v2\/pages\/37"}],"collection":[{"href":"https:\/\/novy.sos-souhtyn.cz\/novy\/index.php?rest_route=\/wp\/v2\/pages"}],"about":[{"href":"https:\/\/novy.sos-souhtyn.cz\/novy\/index.php?rest_route=\/wp\/v2\/types\/page"}],"author":[{"embeddable":true,"href":"https:\/\/novy.sos-souhtyn.cz\/novy\/index.php?rest_route=\/wp\/v2\/users\/2"}],"replies":[{"embeddable":true,"href":"https:\/\/novy.sos-souhtyn.cz\/novy\/index.php?rest_route=%2Fwp%2Fv2%2Fcomments&post=37"}],"version-history":[{"count":95,"href":"https:\/\/novy.sos-souhtyn.cz\/novy\/index.php?rest_route=\/wp\/v2\/pages\/37\/revisions"}],"predecessor-version":[{"id":2070,"href":"https:\/\/novy.sos-souhtyn.cz\/novy\/index.php?rest_route=\/wp\/v2\/pages\/37\/revisions\/2070"}],"wp:attachment":[{"href":"https:\/\/novy.sos-souhtyn.cz\/novy\/index.php?rest_route=%2Fwp%2Fv2%2Fmedia&parent=37"}],"curies":[{"name":"wp","href":"https:\/\/api.w.org\/{rel}","templated":true}]}}