{"id":420,"date":"2018-12-21T08:35:47","date_gmt":"2018-12-21T07:35:47","guid":{"rendered":"https:\/\/novy.sos-souhtyn.cz\/novy\/?page_id=420"},"modified":"2022-01-27T13:19:57","modified_gmt":"2022-01-27T12:19:57","slug":"kontakty","status":"publish","type":"page","link":"https:\/\/novy.sos-souhtyn.cz\/novy\/?page_id=420","title":{"rendered":"KONTAKTY"},"content":{"rendered":"\t\t<div data-elementor-type=\"wp-page\" data-elementor-id=\"420\" class=\"elementor elementor-420\" data-elementor-settings=\"[]\">\n\t\t\t\t\t\t<div class=\"elementor-inner\">\n\t\t\t\t\t\t\t<div class=\"elementor-section-wrap\">\n\t\t\t\t\t\t\t<section class=\"elementor-section elementor-top-section elementor-element elementor-element-641f85d0 elementor-section-boxed elementor-section-height-default elementor-section-height-default\" data-id=\"641f85d0\" data-element_type=\"section\">\n\t\t\t\t\t\t<div class=\"elementor-container elementor-column-gap-default\">\n\t\t\t\t\t\t\t<div class=\"elementor-row\">\n\t\t\t\t\t<div class=\"elementor-column elementor-col-100 elementor-top-column elementor-element elementor-element-6bb58cb1\" data-id=\"6bb58cb1\" data-element_type=\"column\">\n\t\t\t<div class=\"elementor-column-wrap elementor-element-populated\">\n\t\t\t\t\t\t\t<div class=\"elementor-widget-wrap\">\n\t\t\t\t\t\t<div class=\"elementor-element elementor-element-15ab157d elementor-widget elementor-widget-text-editor\" data-id=\"15ab157d\" data-element_type=\"widget\" data-widget_type=\"text-editor.default\">\n\t\t\t\t<div class=\"elementor-widget-container\">\n\t\t\t\t\t<div class=\"elementor-text-editor elementor-clearfix\"><h3><span style=\"color: #000000;\">Penzion V Obo\u0159e<\/span><br \/><span style=\"color: #000000;\">Hor\u0161ov 62<\/span><br \/><span style=\"color: #000000;\">346 01 Hor\u0161ovsk\u00fd T\u00fdn<\/span><\/h3><h3><span style=\"color: #000000;\">tel.: +420 379 482 305<\/span><br \/><span style=\"color: #000000;\">e-mail: penzion@sos-souhtyn.cz<\/span><\/h3><h3><span style=\"color: #000000;\">Franti\u0161ek \u017deha &#8211; odpov\u011bdn\u00fd vedouc\u00ed<\/span><br \/><span style=\"color: #000000;\">tel.: +420 773 744 275<\/span><br \/><span style=\"color: #000000;\">e-mail: zehaf@sos-souhtyn.cz<\/span><\/h3><p><span style=\"position: absolute; top: 0px; left: 400px; z-index: -1;\"><br \/><iframe src=\"http:\/\/maps.google.com\/maps?f=q&amp;source=s_q&amp;hl=cs&amp;geocode=&amp;q=49.542369,12.916485&amp;aq=&amp;sll=49.54245,12.91651&amp;sspn=0.009538,0.022724&amp;vpsrc=6&amp;ie=UTF8&amp;t=m&amp;ll=49.53635,12.926617&amp;spn=0.02228,0.04283&amp;z=14&amp;output=embed\" width=\"600\" height=\"400\" frameborder=\"0\" marginwidth=\"0\" marginheight=\"0\" scrolling=\"no\"><\/iframe><br \/><\/span><\/p><\/div>\n\t\t\t\t<\/div>\n\t\t\t\t<\/div>\n\t\t\t\t\t\t<\/div>\n\t\t\t\t\t<\/div>\n\t\t<\/div>\n\t\t\t\t\t\t\t\t<\/div>\n\t\t\t\t\t<\/div>\n\t\t<\/section>\n\t\t\t\t<section class=\"elementor-section elementor-top-section elementor-element elementor-element-44c6a47 elementor-section-boxed elementor-section-height-default elementor-section-height-default\" data-id=\"44c6a47\" data-element_type=\"section\">\n\t\t\t\t\t\t<div class=\"elementor-container elementor-column-gap-default\">\n\t\t\t\t\t\t\t<div class=\"elementor-row\">\n\t\t\t\t\t<div class=\"elementor-column elementor-col-100 elementor-top-column elementor-element elementor-element-32a1319\" data-id=\"32a1319\" data-element_type=\"column\">\n\t\t\t<div class=\"elementor-column-wrap elementor-element-populated\">\n\t\t\t\t\t\t\t<div class=\"elementor-widget-wrap\">\n\t\t\t\t\t\t<div class=\"elementor-element elementor-element-35c0d28 elementor-widget elementor-widget-google_maps\" data-id=\"35c0d28\" data-element_type=\"widget\" data-widget_type=\"google_maps.default\">\n\t\t\t\t<div class=\"elementor-widget-container\">\n\t\t\t<div class=\"elementor-custom-embed\"><iframe frameborder=\"0\" scrolling=\"no\" marginheight=\"0\" marginwidth=\"0\" src=\"https:\/\/maps.google.com\/maps?q=49.54244348419214%2C%2012.91646731935798&amp;t=m&amp;z=17&amp;output=embed&amp;iwloc=near\" title=\"49.54244348419214, 12.91646731935798\" aria-label=\"49.54244348419214, 12.91646731935798\"><\/iframe><\/div>\t\t<\/div>\n\t\t\t\t<\/div>\n\t\t\t\t\t\t<\/div>\n\t\t\t\t\t<\/div>\n\t\t<\/div>\n\t\t\t\t\t\t\t\t<\/div>\n\t\t\t\t\t<\/div>\n\t\t<\/section>\n\t\t\t\t\t\t<\/div>\n\t\t\t\t\t\t<\/div>\n\t\t\t\t\t<\/div>\n\t\t","protected":false},"excerpt":{"rendered":"<p><a class=\"read-more\" href=\"https:\/\/novy.sos-souhtyn.cz\/novy\/?page_id=420\"><\/a><\/p>\n","protected":false},"author":2,"featured_media":0,"parent":0,"menu_order":0,"comment_status":"closed","ping_status":"closed","template":"","meta":[],"_links":{"self":[{"href":"https:\/\/novy.sos-souhtyn.cz\/novy\/index.php?rest_route=\/wp\/v2\/pages\/420"}],"collection":[{"href":"https:\/\/novy.sos-souhtyn.cz\/novy\/index.php?rest_route=\/wp\/v2\/pages"}],"about":[{"href":"https:\/\/novy.sos-souhtyn.cz\/novy\/index.php?rest_route=\/wp\/v2\/types\/page"}],"author":[{"embeddable":true,"href":"https:\/\/novy.sos-souhtyn.cz\/novy\/index.php?rest_route=\/wp\/v2\/users\/2"}],"replies":[{"embeddable":true,"href":"https:\/\/novy.sos-souhtyn.cz\/novy\/index.php?rest_route=%2Fwp%2Fv2%2Fcomments&post=420"}],"version-history":[{"count":34,"href":"https:\/\/novy.sos-souhtyn.cz\/novy\/index.php?rest_route=\/wp\/v2\/pages\/420\/revisions"}],"predecessor-version":[{"id":1404,"href":"https:\/\/novy.sos-souhtyn.cz\/novy\/index.php?rest_route=\/wp\/v2\/pages\/420\/revisions\/1404"}],"wp:attachment":[{"href":"https:\/\/novy.sos-souhtyn.cz\/novy\/index.php?rest_route=%2Fwp%2Fv2%2Fmedia&parent=420"}],"curies":[{"name":"wp","href":"https:\/\/api.w.org\/{rel}","templated":true}]}}